{"id":7382,"date":"2022-07-27T16:06:34","date_gmt":"2022-07-27T21:06:34","guid":{"rendered":"https:\/\/legrape.ca\/?page_id=7382"},"modified":"2023-05-16T22:11:03","modified_gmt":"2023-05-17T03:11:03","slug":"budget-equilibre","status":"publish","type":"page","link":"https:\/\/legrape.ca\/index.php\/budget-equilibre\/","title":{"rendered":"Budget \u00e9quilibr\u00e9"},"content":{"rendered":"\n<figure class=\"wp-block-gallery has-nested-images columns-default is-cropped wp-block-gallery-1 is-layout-flex wp-block-gallery-is-layout-flex\">\n<figure class=\"wp-block-image size-full\"><img loading=\"lazy\" decoding=\"async\" width=\"1024\" height=\"478\" data-id=\"7583\" src=\"https:\/\/legrape.ca\/wp-content\/uploads\/2023\/05\/budgetequilibre.jpg\" alt=\"\" class=\"wp-image-7583\" srcset=\"https:\/\/legrape.ca\/wp-content\/uploads\/2023\/05\/budgetequilibre.jpg 1024w, https:\/\/legrape.ca\/wp-content\/uploads\/2023\/05\/budgetequilibre-300x140.jpg 300w, https:\/\/legrape.ca\/wp-content\/uploads\/2023\/05\/budgetequilibre-768x359.jpg 768w\" sizes=\"auto, (max-width: 1024px) 100vw, 1024px\" \/><\/figure>\n<\/figure>\n\n\n\n<h1 style=\"color: #98005d;\">Les secrets d&rsquo;un budget \u00e9quilibr\u00e9<\/h1>\n\n<p style=\"text-align: justify;\">Le budget est un outil pour rester ma\u00eetre de ses finances personnelles, mais il faut prendre le temps de le faire et de le tenir \u00e0 jour. Vous ne vous \u00eates pas encore mis \u00e0 la t\u00e2che? Pas de probl\u00e8me! Il n\u2019est jamais trop tard pour prendre les choses en main.<\/p>\n\n<h3>1. D\u00e9terminez vos revenus<\/h3>\n<p style=\"text-align: justify;\">\u00c9tablissez vos revenus nets mensuels disponibles plus particuli\u00e8rement si vos revenus ne sont pas stables. Si vous \u00eates travailleur autonome par exemple, faites une moyenne sur quelques mois ou encore un budget annuel. Vous pourrez ensuite allouer ces revenus aux diff\u00e9rentes cat\u00e9gories de d\u00e9penses.<\/p>\n\n<h3>2. Cat\u00e9gorisez vos d\u00e9penses<\/h3>\n<p style=\"text-align: justify;\">Dressez la liste de vos d\u00e9penses, quelle que soit la source de paiement : carte de cr\u00e9dit, compte ch\u00e8ques ou argent comptant. Si vous n\u2019en avez aucune id\u00e9e, faites-le \u00e0 chaque transaction et au fur et \u00e0 mesure, et ce, pendant plusieurs mois. Pour vous aider, utilisez l\u2019outil Votre budget &#8211; Cet hyperlien s\u2019ouvrira dans une nouvelle fen\u00eatre., qui vous permettra de faire le tour de vos d\u00e9penses essentielles, vos extras et les montants que vous pouvez mettre de c\u00f4t\u00e9 pour r\u00e9aliser vos projets.<\/p>\n<p style=\"text-align: justify;\">Une fois la liste de vos d\u00e9penses en main, regroupez-les dans 3 grandes cat\u00e9gories. Voici un aper\u00e7u de ce \u00e0 quoi devrait ressembler un budget id\u00e9al.<\/p>\n\n<h3 style=\"color: #666;\">70% de vos d\u00e9penses regroupent les d\u00e9penses essentielles telles que:<\/h3>\n<ul>\n<li>le loyer ou le paiement hypoth\u00e9caire et les taxes<\/li>\n<li>l\u2019\u00e9lectricit\u00e9<\/li>\n<li>les frais de t\u00e9l\u00e9communications<\/li>\n<li>les assurances<\/li>\n<li>le transport : voiture (pr\u00eat, location, immatriculation, essence), titres de transport en commun<\/li>\n<li>les frais de garde<\/li>\n<li>l\u2019\u00e9picerie<\/li>\n<\/ul>\n\n<h3 style=\"color: #666;\">20 % repr\u00e9sentent les d\u00e9penses suppl\u00e9mentaires qui vous permettent de vous faire plaisir :<\/h3>\n<ul>\n<li>les d\u00e9penses aux restaurants (commandes de plats \u00e0 emporter, livraisons)<\/li>\n<li>les v\u00eatements<\/li>\n<li>les abonnements sportifs (gym, cours de yoga)<\/li>\n<li>les soins esth\u00e9tiques (coiffeur, esth\u00e9ticienne, manucure)<\/li>\n<li>les abonnements en ligne (films, vid\u00e9os, musique, applications)<\/li>\n<li>les cadeaux<\/li>\n<li>les sorties et les loisirs<\/li>\n<li>les voyages<\/li>\n<\/ul>\n<p>En cas de restrictions budg\u00e9taires, vous serez en mesure de les suspendre.<\/p>\n\n<h3 style=\"color: #666;\">10 % de votre budget r\u00e9serv\u00e9 \u00e0 vos objectifs financiers pour :<\/h3>\n<ul>\n<li>un fonds d\u2019urgence<\/li>\n<li>faire des \u00e9conomies<\/li>\n<li>\u00e9pargner pour votre retraite<\/li>\n<li>un compte d\u2019\u00e9pargne pour un projet pr\u00e9cis (par exemple : l\u2019achat d\u2019une maison, planifier un voyage, les \u00e9tudes des enfants, vos projets pour la retraite)<\/li>\n<li>rembourser des dettes (pr\u00eats, cartes de cr\u00e9dit, marge de cr\u00e9dit)<\/li>\n<\/ul>\n\n<h3>3. \u00c9pargnez sans y penser, selon vos revenus<\/h3>\n<p>En adoptant quelques r\u00e9flexes simples, \u00e9pargner devient partie int\u00e9grante de votre budget.<\/p>\n<ul style=\"margin-top: -1.5em;\">\n<li style=\"text-align: justify;\">Pr\u00e9voyez un fonds d\u2019urgence &#8211; Cet hyperlien s\u2019ouvrira dans une nouvelle fen\u00eatre.. C\u2019est l\u2019\u00e9pargne la plus souvent n\u00e9glig\u00e9e et, peut-\u00eatre, la plus importante. En cas d\u2019impr\u00e9vu, l\u2019\u00e9pargne accumul\u00e9e servira \u00e0 couvrir vos d\u00e9penses essentielles et \u00e0 \u00e9viter de mettre de c\u00f4t\u00e9 vos projets ou \u00e0 avoir recours au cr\u00e9dit en cas de perte de revenu.<\/li>\n<li style=\"text-align: justify;\">Fixez des objectifs d\u2019\u00e9pargne pour vos projets et optez pour des versements automatiques &#8211; Cet hyperlien s\u2019ouvrira dans une nouvelle fen\u00eatre. vers votre compte d\u2019\u00e9pargne. Commencez par une petite somme au besoin.<\/li>\n<\/ul>\n\n\n\n<div style=\"height:100px\" aria-hidden=\"true\" class=\"wp-block-spacer\"><\/div>\n\n\n\n<h3 style=\"color: #98005d;\">Vous budget ne correspond pas \u00e0 ce sch\u00e9ma?<\/h3>\n<p style=\"text-align: justify;\">Les pourcentages sont \u00e0 titre indicatif seulement.  Votre budget peut varier selon une marge maximale de 10%.  Si vous \u00eates incapable de respecter ces limites, c\u2019est qu\u2019il y a probablement un probl\u00e8me \u00e0 venir.  Communiquer avec notre \u00e9quipe pour que nous puissions vous aider \u00e0 trouver des pistes de solution<\/p>\n\n\n\n<div class=\"wp-block-buttons is-layout-flex wp-block-buttons-is-layout-flex\">\n<div class=\"wp-block-button is-style-outline is-style-outline--2\"><a class=\"wp-block-button__link wp-element-button\" href=\"https:\/\/legrape.ca\/index.php\/nous-joindre\">Contactez-nous<\/a><\/div>\n<\/div>\n\n\n\n<div style=\"height:100px\" aria-hidden=\"true\" class=\"wp-block-spacer\"><\/div>\n\n\n\n<p style=\"font-size: 14px;\">Cet article a \u00e9t\u00e9 r\u00e9alis\u00e9 en r\u00e9f\u00e9rence \u00e0 un article de Desjardins.  Les chiffres ont \u00e9t\u00e9 ajust\u00e9s en fonction de la r\u00e9alit\u00e9 de 2022.<\/p>\n<p style=\"font-size: 14px; margin-top: -40px;\"><a href=\"https:\/\/blogues.desjardins.com\/conseils\/2020\/08\/budget-comment-eviter-pieges.php?utm_id=sp-p-0-334966083&#038;campagne=sp-p-0-334966083&#038;dclid=CPvOofSklPkCFd3B9gIdLt0PsA\">Lire l&rsquo;article original<\/a><\/p>\n","protected":false},"excerpt":{"rendered":"<p>Les secrets d&rsquo;un budget \u00e9quilibr\u00e9 Le budget est un outil pour rester ma\u00eetre de ses finances personnelles, mais il faut prendre le temps de le faire et de le tenir \u00e0 jour. Vous ne vous \u00eates pas encore mis \u00e0 la t\u00e2che? Pas de probl\u00e8me! Il n\u2019est jamais trop tard pour prendre les choses en [&hellip;]<\/p>\n","protected":false},"author":1,"featured_media":0,"parent":0,"menu_order":0,"comment_status":"closed","ping_status":"closed","template":"","meta":{"footnotes":""},"class_list":["post-7382","page","type-page","status-publish","hentry"],"_links":{"self":[{"href":"https:\/\/legrape.ca\/index.php\/wp-json\/wp\/v2\/pages\/7382","targetHints":{"allow":["GET"]}}],"collection":[{"href":"https:\/\/legrape.ca\/index.php\/wp-json\/wp\/v2\/pages"}],"about":[{"href":"https:\/\/legrape.ca\/index.php\/wp-json\/wp\/v2\/types\/page"}],"author":[{"embeddable":true,"href":"https:\/\/legrape.ca\/index.php\/wp-json\/wp\/v2\/users\/1"}],"replies":[{"embeddable":true,"href":"https:\/\/legrape.ca\/index.php\/wp-json\/wp\/v2\/comments?post=7382"}],"version-history":[{"count":0,"href":"https:\/\/legrape.ca\/index.php\/wp-json\/wp\/v2\/pages\/7382\/revisions"}],"wp:attachment":[{"href":"https:\/\/legrape.ca\/index.php\/wp-json\/wp\/v2\/media?parent=7382"}],"curies":[{"name":"wp","href":"https:\/\/api.w.org\/{rel}","templated":true}]}}