{"id":7261,"date":"2021-10-21T23:46:40","date_gmt":"2021-10-22T04:46:40","guid":{"rendered":"https:\/\/legrape.ca\/?page_id=7261"},"modified":"2021-10-22T00:03:31","modified_gmt":"2021-10-22T05:03:31","slug":"visioconference","status":"publish","type":"page","link":"https:\/\/legrape.ca\/index.php\/visioconference\/","title":{"rendered":"Visioconference"},"content":{"rendered":"<div class=\"wpb-content-wrapper\"><p>[vc_row middle_content=\u00a0\u00bbyes\u00a0\u00bb][vc_column width=\u00a0\u00bb1\/3&Prime;]<div class=\"eut-element eut-image eut-align-center\" style=\"\"><img loading=\"lazy\" decoding=\"async\" width=\"200\" height=\"305\" src=\"https:\/\/legrape.ca\/wp-content\/uploads\/2021\/10\/Visio-2.png\" class=\"attachment-full size-full\" alt=\"\" srcset=\"https:\/\/legrape.ca\/wp-content\/uploads\/2021\/10\/Visio-2.png 200w, https:\/\/legrape.ca\/wp-content\/uploads\/2021\/10\/Visio-2-197x300.png 197w\" sizes=\"auto, (max-width: 200px) 100vw, 200px\" \/><\/div>[\/vc_column][vc_column width=\u00a0\u00bb2\/3&Prime;][vc_column_text]<\/p>\n<h3 style=\"color: #98005d;\">T\u00e9l\u00e9consultation<\/h3>\n<p>Nous avons mis en place un service de t\u00e9l\u00e9consultation pour faciliter l\u2019acc\u00e8s \u00e0 nos services.\u00a0 Ce mode de communication est aussi offert \u00e0 nos clients des ateliers.<\/p>\n<p>Vous pouvez communiquer avec notre \u00e9quipe d\u00e8s maintenant pour prendre rendez-vous ou obtenir plus d&rsquo;information.[\/vc_column_text][\/vc_column][\/vc_row]<\/p>\n<\/div>","protected":false},"excerpt":{"rendered":"<p>[vc_row middle_content=\u00a0\u00bbyes\u00a0\u00bb][vc_column width=\u00a0\u00bb1\/3&Prime;][\/vc_column][vc_column width=\u00a0\u00bb2\/3&Prime;][vc_column_text] T\u00e9l\u00e9consultation Nous avons mis en place un service de t\u00e9l\u00e9consultation pour faciliter l\u2019acc\u00e8s \u00e0 nos services.\u00a0 Ce mode de communication est aussi offert \u00e0 nos clients des ateliers. Vous pouvez communiquer avec notre \u00e9quipe d\u00e8s maintenant pour prendre rendez-vous ou obtenir plus d&rsquo;information.[\/vc_column_text][\/vc_column][\/vc_row]<\/p>\n","protected":false},"author":1,"featured_media":0,"parent":0,"menu_order":0,"comment_status":"closed","ping_status":"closed","template":"","meta":{"footnotes":""},"class_list":["post-7261","page","type-page","status-publish","hentry"],"_links":{"self":[{"href":"https:\/\/legrape.ca\/index.php\/wp-json\/wp\/v2\/pages\/7261","targetHints":{"allow":["GET"]}}],"collection":[{"href":"https:\/\/legrape.ca\/index.php\/wp-json\/wp\/v2\/pages"}],"about":[{"href":"https:\/\/legrape.ca\/index.php\/wp-json\/wp\/v2\/types\/page"}],"author":[{"embeddable":true,"href":"https:\/\/legrape.ca\/index.php\/wp-json\/wp\/v2\/users\/1"}],"replies":[{"embeddable":true,"href":"https:\/\/legrape.ca\/index.php\/wp-json\/wp\/v2\/comments?post=7261"}],"version-history":[{"count":0,"href":"https:\/\/legrape.ca\/index.php\/wp-json\/wp\/v2\/pages\/7261\/revisions"}],"wp:attachment":[{"href":"https:\/\/legrape.ca\/index.php\/wp-json\/wp\/v2\/media?parent=7261"}],"curies":[{"name":"wp","href":"https:\/\/api.w.org\/{rel}","templated":true}]}}