{"id":6730,"date":"2020-08-19T04:03:11","date_gmt":"2020-08-19T04:03:11","guid":{"rendered":"https:\/\/legrape.stcnetwork.ca\/?page_id=6730"},"modified":"2020-09-10T02:45:53","modified_gmt":"2020-09-10T02:45:53","slug":"recours-non-judiciaires","status":"publish","type":"page","link":"https:\/\/legrape.ca\/index.php\/recours-non-judiciaires\/","title":{"rendered":"Recours non judiciaires"},"content":{"rendered":"<div class=\"wpb-content-wrapper\"><p>[vc_row][vc_column][vc_column_text]<\/p>\r\n<h1 style=\"color: #98005d;\">Recours non judici\u00e8res en mati\u00e8re d&rsquo;institutions financi\u00e8res<\/h1>\r\n<p>[\/vc_column_text][\/vc_column][\/vc_row][vc_row][vc_column][vc_tta_tabs][vc_tta_section title=\u00a0\u00bbCaisse Desjardins\u00a0\u00bb tab_id=\u00a0\u00bb1597810218185-a1ca40df-79d5&Prime;][vc_raw_html]JTNDcCUzRSUzQ3N0cm9uZyUzRUluZm9ybWVyJTIwdW4lMjBlbXBsb3klQzMlQTklM0MlMkZzdHJvbmclM0UlM0NwJTNFJTBBJTNDcCUzRUVuJTIwY2FzJTIwZCUyNyVDMyVBOWNoZWMlM0NiciUzRSUwQSUzQ29sJTNFJTBBJTNDbGklM0VDb21tdW5pcXVlciUyMGF2ZWMlMjB1biUyMG1lbWJyZSUyMGRlJTIwbGElMjBkaXJlY3Rpb24lMjBkZSUyMGxhJTIwY2Fpc3NlJTNDJTJGbGklM0UlMEElM0NsaSUzRUNvbW11bmlxdWVyJTIwYXZlYyUyMGxlJTIwZGlyZWN0ZXVyJTIwZyVDMyVBOW4lQzMlQTlyYWwlMjBkZSUyMGxhJTIwY2Fpc3NlJTNDJTJGbGklM0UlMEElM0NsaSUzRUVudm95ZXIlMjB1bmUlMjBkZW1hbmRlJTIwJUMzJUE5Y3JpdGUlMjBhdSUyMHByJUMzJUE5c2lkZW50JTIwZHUlMjBjb25zZWlsJTIwZCUyN2FkbWluaXN0cmF0aW9uJTIwZGUlMjBsYSUyMGNhaXNzZSUzQyUyRmxpJTNFJTBBJTNDbGklM0VDb21tdW5pcXVlciUyMGF2ZWMlMjBsZSUyMHNlcnZpY2UlMjBhdXglMjBtZW1icmVzJTNDJTJGbGklM0UlMEElM0NsaSUzRUQlQzMlQTlwb3NlciUyMHVuZSUyMHJlcXUlQzMlQUF0ZSUyMCVDMyVBMCUyMGwlMjdPbWJ1ZHNtYW4lMjBkdSUyME1vdXZlbWVudCUyMERlc2phcmRpbnMlM0MlMkZsaSUzRSUwQSUzQ2xpJTNFTSVDMyVBOWRpYXRpb24lMjBwYXIlMjBsJTI3QU1GJTIwJTI4TCUyN0FNRiUyMG5lJTIwcGV1dCUyMG9ibGlnZXIlMjBsYSUyMGNhaXNzZSUyMCVDMyVBMCUyMHBhcnRpY2lwZXIlMjAlQzMlQTAlMjBsYSUyMG0lQzMlQTlkaWF0aW9uJTIwbmklMjBsdWklMjBpbXBvc2VyJTIwdW5lJTIwZmElQzMlQTdvbiUyMGRlJTIwciVDMyVBOWdsZXIlMjBsZSUyMGRvc3NpZXIlMjklM0MlMkZsaSUzRSUwQSUzQyUyRm9sJTNFJTNDJTJGcCUzRQ==[\/vc_raw_html][\/vc_tta_section][vc_tta_section title=\u00a0\u00bbBanques et Institutions financi\u00e8res<br \/>\r\n(sauf les 3 qui se sont retir\u00e9es de l&rsquo;OSBI)\u00a0\u00bb tab_id=\u00a0\u00bb1597810218201-03e61fb8-e741&Prime;][vc_raw_html]JTNDcCUzRVBvcnRlciUyMHBsYWludGUlMjAlQzMlQTAlMjBsJTI3aW50ZXJuZSUwQSUzQ3VsJTNFJTBBJTNDbGklM0VQcm9jZXNzdXMlMjBpbnRlcm5lJTIwJUMzJUEwJTIwc3VpdnJlJTNDJTJGbGklM0UlMEElM0NsaSUzRURlcm5pZXIlMjBwYWxpZXIlM0ElMjBsJTI3T21idWRzbWFuJTIwZGUlMjBsJTI3aW5zdGl0dXRpb24lMjBmaW5hbmNpJUMzJUE4cmUlM0MlMkZsaSUzRSUzQyUyRnAlM0UlMEElM0NwJTNFRW4lMjBjYXMlMjBkJTI3JUMzJUE5Y2hlYyUzQSUzQyUyRnAlM0UlMEElM0NwJTNFUG9ydGVyJTIwcGxhaW50ZSUyMCVDMyVBMCUyMGwlMjdPU0JJJTIwZGFucyUyMGxlcyUyMDYlMjBtb2lzJTIwc3VpdmFudCUyMGxhJTIwciVDMyVBOXBvbnNlJTNDYnIlM0VSZWNvbW1hbmRhdGlvbiUyMG5vbiUyMGV4JUMzJUE5Y3V0b2lyZSUyQyUyMG1haXMlMjB1biUyMHJlZnVzJTIwZGUlMjBsYSUyMGJhbnF1ZSUyMGRlJTIwcyUyN3klMjBjb25mb3JtZXIlMjBzZXJhJTIwcHVibGklQzMlQTkuJTNDJTJGcCUzRQ==[\/vc_raw_html][\/vc_tta_section][vc_tta_section title=\u00a0\u00bbBanque Royale du Canada<br \/>\r\nBanque TD<br \/>\r\nBanque Direct Cash\u00a0\u00bb tab_id=\u00a0\u00bb1597810337854-d6e18234-aefd\u00a0\u00bb][vc_raw_html]JTNDcCUzRVBvcnRlciUyMHBsYWludGUlMjAlQzMlQTAlMjBsJTI3aW50ZXJuZSUwQSUzQ3VsJTNFJTBBJTNDbGklM0VQcm9jZXNzdXMlMjBpbnRlcm5lJTIwJUMzJUEwJTIwc3VpdnJlJTNDJTJGbGklM0UlMEElM0NsaSUzRURlcm5pZXIlMjBwYWxpZXIlM0ElMjBsJTI3T21idWRzbWFuJTIwZGUlMjBsJTI3aW5zdGl0dXRpb24lMjBmaW5hbmNpJUMzJUE4cmUlM0MlMkZsaSUzRSUzQyUyRnAlM0UlMEElM0NwJTNFRW4lMjBjYXMlMjBkJTI3JUMzJUE5Y2hlYyUzQSUzQyUyRnAlM0UlMEElM0NwJTNFUG9ydGVyJTIwcGxhaW50ZSUyMCVDMyVBMCUyMGwlMjdBRFJCTyUyMGRhbnMlMjBsZXMlMjA2JTIwbW9pcyUyMHN1aXZhbnQlMjBsYSUyMHIlQzMlQTlwb25zZSUzQyUyRnAlM0UlMEElM0NwJTNFJUMzJTg5dmFsdWF0aW9uJTIwZGUlMjBsYSUyMGNvbXBsZXhpdCVDMyVBOSUyMGRlJTIwbGElMjBwbGFpbnRlJTNDYnIlM0UlMEElM0N1bCUzRSUwQSUzQ2xpJTNFRW5xdSVDMyVBQXRlJTIwc2klMjBuJUMzJUE5Y2Vzc2FpcmUlM0NiciUzRVJlY29tbWFuZGF0aW9uJTIwbm9uJTIwZXglQzMlQTljdXRvaXJlJTJDJTIwbWFpcyUyMHVuJTIwcmVmdXMlMjBkZSUyMGxhJTIwYmFucXVlJTIwZGUlMjBzJTI3eSUyMGNvbmZvcm1lciUyMHNlcmElMjBwdWJsaSVDMyVBOS4lM0MlMkZsaSUzRSUwQSUzQyUyRnVsJTNFJTNDJTJGcCUzRQ==[\/vc_raw_html][\/vc_tta_section][\/vc_tta_tabs][\/vc_column][\/vc_row]<\/p>\r\n<\/div>","protected":false},"excerpt":{"rendered":"<p>[vc_row][vc_column][vc_column_text] Recours non judici\u00e8res en mati\u00e8re d&rsquo;institutions financi\u00e8res [\/vc_column_text][\/vc_column][\/vc_row][vc_row][vc_column][vc_tta_tabs][vc_tta_section title=\u00a0\u00bbCaisse Desjardins\u00a0\u00bb tab_id=\u00a0\u00bb1597810218185-a1ca40df-79d5&Prime;][vc_raw_html]JTNDcCUzRSUzQ3N0cm9uZyUzRUluZm9ybWVyJTIwdW4lMjBlbXBsb3klQzMlQTklM0MlMkZzdHJvbmclM0UlM0NwJTNFJTBBJTNDcCUzRUVuJTIwY2FzJTIwZCUyNyVDMyVBOWNoZWMlM0NiciUzRSUwQSUzQ29sJTNFJTBBJTNDbGklM0VDb21tdW5pcXVlciUyMGF2ZWMlMjB1biUyMG1lbWJyZSUyMGRlJTIwbGElMjBkaXJlY3Rpb24lMjBkZSUyMGxhJTIwY2Fpc3NlJTNDJTJGbGklM0UlMEElM0NsaSUzRUNvbW11bmlxdWVyJTIwYXZlYyUyMGxlJTIwZGlyZWN0ZXVyJTIwZyVDMyVBOW4lQzMlQTlyYWwlMjBkZSUyMGxhJTIwY2Fpc3NlJTNDJTJGbGklM0UlMEElM0NsaSUzRUVudm95ZXIlMjB1bmUlMjBkZW1hbmRlJTIwJUMzJUE5Y3JpdGUlMjBhdSUyMHByJUMzJUE5c2lkZW50JTIwZHUlMjBjb25zZWlsJTIwZCUyN2FkbWluaXN0cmF0aW9uJTIwZGUlMjBsYSUyMGNhaXNzZSUzQyUyRmxpJTNFJTBBJTNDbGklM0VDb21tdW5pcXVlciUyMGF2ZWMlMjBsZSUyMHNlcnZpY2UlMjBhdXglMjBtZW1icmVzJTNDJTJGbGklM0UlMEElM0NsaSUzRUQlQzMlQTlwb3NlciUyMHVuZSUyMHJlcXUlQzMlQUF0ZSUyMCVDMyVBMCUyMGwlMjdPbWJ1ZHNtYW4lMjBkdSUyME1vdXZlbWVudCUyMERlc2phcmRpbnMlM0MlMkZsaSUzRSUwQSUzQ2xpJTNFTSVDMyVBOWRpYXRpb24lMjBwYXIlMjBsJTI3QU1GJTIwJTI4TCUyN0FNRiUyMG5lJTIwcGV1dCUyMG9ibGlnZXIlMjBsYSUyMGNhaXNzZSUyMCVDMyVBMCUyMHBhcnRpY2lwZXIlMjAlQzMlQTAlMjBsYSUyMG0lQzMlQTlkaWF0aW9uJTIwbmklMjBsdWklMjBpbXBvc2VyJTIwdW5lJTIwZmElQzMlQTdvbiUyMGRlJTIwciVDMyVBOWdsZXIlMjBsZSUyMGRvc3NpZXIlMjklM0MlMkZsaSUzRSUwQSUzQyUyRm9sJTNFJTNDJTJGcCUzRQ==[\/vc_raw_html][\/vc_tta_section][vc_tta_section title=\u00a0\u00bbBanques et Institutions financi\u00e8res (sauf les 3 qui se sont retir\u00e9es de l&rsquo;OSBI)\u00a0\u00bb tab_id=\u00a0\u00bb1597810218201-03e61fb8-e741&Prime;][vc_raw_html]JTNDcCUzRVBvcnRlciUyMHBsYWludGUlMjAlQzMlQTAlMjBsJTI3aW50ZXJuZSUwQSUzQ3VsJTNFJTBBJTNDbGklM0VQcm9jZXNzdXMlMjBpbnRlcm5lJTIwJUMzJUEwJTIwc3VpdnJlJTNDJTJGbGklM0UlMEElM0NsaSUzRURlcm5pZXIlMjBwYWxpZXIlM0ElMjBsJTI3T21idWRzbWFuJTIwZGUlMjBsJTI3aW5zdGl0dXRpb24lMjBmaW5hbmNpJUMzJUE4cmUlM0MlMkZsaSUzRSUzQyUyRnAlM0UlMEElM0NwJTNFRW4lMjBjYXMlMjBkJTI3JUMzJUE5Y2hlYyUzQSUzQyUyRnAlM0UlMEElM0NwJTNFUG9ydGVyJTIwcGxhaW50ZSUyMCVDMyVBMCUyMGwlMjdPU0JJJTIwZGFucyUyMGxlcyUyMDYlMjBtb2lzJTIwc3VpdmFudCUyMGxhJTIwciVDMyVBOXBvbnNlJTNDYnIlM0VSZWNvbW1hbmRhdGlvbiUyMG5vbiUyMGV4JUMzJUE5Y3V0b2lyZSUyQyUyMG1haXMlMjB1biUyMHJlZnVzJTIwZGUlMjBsYSUyMGJhbnF1ZSUyMGRlJTIwcyUyN3klMjBjb25mb3JtZXIlMjBzZXJhJTIwcHVibGklQzMlQTkuJTNDJTJGcCUzRQ==[\/vc_raw_html][\/vc_tta_section][vc_tta_section title=\u00a0\u00bbBanque Royale du Canada Banque TD Banque Direct Cash\u00a0\u00bb tab_id=\u00a0\u00bb1597810337854-d6e18234-aefd\u00a0\u00bb][vc_raw_html]JTNDcCUzRVBvcnRlciUyMHBsYWludGUlMjAlQzMlQTAlMjBsJTI3aW50ZXJuZSUwQSUzQ3VsJTNFJTBBJTNDbGklM0VQcm9jZXNzdXMlMjBpbnRlcm5lJTIwJUMzJUEwJTIwc3VpdnJlJTNDJTJGbGklM0UlMEElM0NsaSUzRURlcm5pZXIlMjBwYWxpZXIlM0ElMjBsJTI3T21idWRzbWFuJTIwZGUlMjBsJTI3aW5zdGl0dXRpb24lMjBmaW5hbmNpJUMzJUE4cmUlM0MlMkZsaSUzRSUzQyUyRnAlM0UlMEElM0NwJTNFRW4lMjBjYXMlMjBkJTI3JUMzJUE5Y2hlYyUzQSUzQyUyRnAlM0UlMEElM0NwJTNFUG9ydGVyJTIwcGxhaW50ZSUyMCVDMyVBMCUyMGwlMjdBRFJCTyUyMGRhbnMlMjBsZXMlMjA2JTIwbW9pcyUyMHN1aXZhbnQlMjBsYSUyMHIlQzMlQTlwb25zZSUzQyUyRnAlM0UlMEElM0NwJTNFJUMzJTg5dmFsdWF0aW9uJTIwZGUlMjBsYSUyMGNvbXBsZXhpdCVDMyVBOSUyMGRlJTIwbGElMjBwbGFpbnRlJTNDYnIlM0UlMEElM0N1bCUzRSUwQSUzQ2xpJTNFRW5xdSVDMyVBQXRlJTIwc2klMjBuJUMzJUE5Y2Vzc2FpcmUlM0NiciUzRVJlY29tbWFuZGF0aW9uJTIwbm9uJTIwZXglQzMlQTljdXRvaXJlJTJDJTIwbWFpcyUyMHVuJTIwcmVmdXMlMjBkZSUyMGxhJTIwYmFucXVlJTIwZGUlMjBzJTI3eSUyMGNvbmZvcm1lciUyMHNlcmElMjBwdWJsaSVDMyVBOS4lM0MlMkZsaSUzRSUwQSUzQyUyRnVsJTNFJTNDJTJGcCUzRQ==[\/vc_raw_html][\/vc_tta_section][\/vc_tta_tabs][\/vc_column][\/vc_row]<\/p>\n","protected":false},"author":1,"featured_media":0,"parent":0,"menu_order":0,"comment_status":"closed","ping_status":"closed","template":"","meta":{"footnotes":""},"class_list":["post-6730","page","type-page","status-publish","hentry"],"_links":{"self":[{"href":"https:\/\/legrape.ca\/index.php\/wp-json\/wp\/v2\/pages\/6730","targetHints":{"allow":["GET"]}}],"collection":[{"href":"https:\/\/legrape.ca\/index.php\/wp-json\/wp\/v2\/pages"}],"about":[{"href":"https:\/\/legrape.ca\/index.php\/wp-json\/wp\/v2\/types\/page"}],"author":[{"embeddable":true,"href":"https:\/\/legrape.ca\/index.php\/wp-json\/wp\/v2\/users\/1"}],"replies":[{"embeddable":true,"href":"https:\/\/legrape.ca\/index.php\/wp-json\/wp\/v2\/comments?post=6730"}],"version-history":[{"count":0,"href":"https:\/\/legrape.ca\/index.php\/wp-json\/wp\/v2\/pages\/6730\/revisions"}],"wp:attachment":[{"href":"https:\/\/legrape.ca\/index.php\/wp-json\/wp\/v2\/media?parent=6730"}],"curies":[{"name":"wp","href":"https:\/\/api.w.org\/{rel}","templated":true}]}}