{"id":6702,"date":"2020-08-19T03:23:54","date_gmt":"2020-08-19T03:23:54","guid":{"rendered":"https:\/\/legrape.stcnetwork.ca\/?page_id=6702"},"modified":"2025-05-27T11:17:59","modified_gmt":"2025-05-27T16:17:59","slug":"programme-allocation-logement","status":"publish","type":"page","link":"https:\/\/legrape.ca\/index.php\/programme-allocation-logement\/","title":{"rendered":"Programme Allocation-logement"},"content":{"rendered":"\n<h1 style=\"color: #98005d;\">Programme Allocation-logement<\/h1>\n\n\n\n<figure class=\"wp-block-image size-full\"><img loading=\"lazy\" decoding=\"async\" width=\"272\" height=\"229\" src=\"https:\/\/legrape.ca\/wp-content\/uploads\/2020\/08\/maison.jpg\" alt=\"\" class=\"wp-image-6708\"\/><\/figure>\n\n\n\n<p><strong>Quels sont les objectifs du programme?<\/strong><br>\nLe programme Allocation-logement offre une aide financi\u00e8re \u00e0 des m\u00e9nages \u00e0 faible revenu qui consacrent une part trop importante de leur budget pour loger.<\/p>\n\n\n\n<p><strong>Qui peut b\u00e9n\u00e9ficier du programme?<\/strong><\/p>\n<ul>\n<li>Les personnes seules de 50 ans et plus.<\/li>\n<li>Les couples dont l&rsquo;un des conjoints est \u00e2g\u00e9 de 50 ans et plus.<\/li>\n<li>Les familles (travailleurs, \u00e9tudiants ou prestataires de l&rsquo;aide sociale ou autres familles \u00e0 faible revenu) comptant au moins un enfant \u00e0 charge.<\/li>\n<\/ul>\n\n\n\n<p>En outre, le programme Allocation-logement s&rsquo;adresse tant aux propri\u00e9taires, locataires, chambreurs qu&rsquo;\u00e0 toute personne qui partage un domicile avec un ou plusieurs occupants.  Pour recevoir l&rsquo;allocation-logement, vous et votre conjoint, s&rsquo;il y a lieu, devrez avoir transmis une d\u00e9claration de revenus au gouvernement du Qu\u00e9bec.<\/p>\n\n\n\n<p>Vous n&rsquo;\u00eates pas admissible au programme Allocation-logement si:<\/p>\n<ul>\n<li>Vous r\u00e9sidez dans une habitation \u00e0 loyer modique (HLM) ou un \u00e9tablissement de sant\u00e9 de services sociaux financ\u00e9 par l&rsquo;\u00c9tat.<\/li>\n<li>Vous b\u00e9n\u00e9ficiez d&rsquo;un suppl\u00e9ment au loyer ou recevez une autre subvention directe pour vous loger.<\/li>\n<li>Vous et votre conjoint, s&rsquo;il y a lieu, poss\u00e9dez des biens ou des liquidit\u00e9s dont la valeur d\u00e9passe 50 000$<br>(excluant la valeur de votre r\u00e9sidence, de votre terrain, de vos meubles et de votre voiture).<\/li>\n<\/ul>\n\n\n\n<p><strong>En quoi consiste l&rsquo;aide financi\u00e8re?<\/strong><br>\nL&rsquo;allocation, qui peut atteindre 80$ par mois, vous est vers\u00e9e mensuellement par ch\u00e8que ou par d\u00e9p\u00f4t direct.  Vous pouvez habituellement la recevoir un mois apr\u00e8s que nous ayons re\u00e7u votre demande.  Notez que nous r\u00e9visons une fois l&rsquo;an le montant de l&rsquo;allocation accord\u00e9e.<\/p>\n<p>Lorsque nous calculons le montant de l&rsquo;allocation qui vous est accord\u00e9e, nous tenons compte du nombre de personnes dans votre m\u00e9nage, du type de m\u00e9nage, de vos revenus et de votre loyer mensuel.<\/p>\n<p>Pour plus d&rsquo;information, t\u00e9l\u00e9chargez le <a href=\"https:\/\/www.revenuquebec.ca\/documents\/fr\/publications\/in\/IN-165%282019-09%29.pdf\">d\u00e9pliant d&rsquo;information<\/a> ou consultez le site internet de <a href=\"https:\/\/www.revenuquebec.ca\/fr\/citoyens\/votre-situation\/faible-revenu\/programme-allocation-logement\/\" target=\"_blank\" rel=\"noopener noreferrer\">Revenu Qu\u00e9bec<\/a>.<\/p>\n","protected":false},"excerpt":{"rendered":"<p>Programme Allocation-logement Quels sont les objectifs du programme? Le programme Allocation-logement offre une aide financi\u00e8re \u00e0 des m\u00e9nages \u00e0 faible revenu qui consacrent une part trop importante de leur budget pour loger. Qui peut b\u00e9n\u00e9ficier du programme? Les personnes seules de 50 ans et plus. Les couples dont l&rsquo;un des conjoints est \u00e2g\u00e9 de 50 [&hellip;]<\/p>\n","protected":false},"author":1,"featured_media":0,"parent":0,"menu_order":0,"comment_status":"closed","ping_status":"closed","template":"","meta":{"footnotes":""},"class_list":["post-6702","page","type-page","status-publish","hentry"],"_links":{"self":[{"href":"https:\/\/legrape.ca\/index.php\/wp-json\/wp\/v2\/pages\/6702","targetHints":{"allow":["GET"]}}],"collection":[{"href":"https:\/\/legrape.ca\/index.php\/wp-json\/wp\/v2\/pages"}],"about":[{"href":"https:\/\/legrape.ca\/index.php\/wp-json\/wp\/v2\/types\/page"}],"author":[{"embeddable":true,"href":"https:\/\/legrape.ca\/index.php\/wp-json\/wp\/v2\/users\/1"}],"replies":[{"embeddable":true,"href":"https:\/\/legrape.ca\/index.php\/wp-json\/wp\/v2\/comments?post=6702"}],"version-history":[{"count":2,"href":"https:\/\/legrape.ca\/index.php\/wp-json\/wp\/v2\/pages\/6702\/revisions"}],"predecessor-version":[{"id":7715,"href":"https:\/\/legrape.ca\/index.php\/wp-json\/wp\/v2\/pages\/6702\/revisions\/7715"}],"wp:attachment":[{"href":"https:\/\/legrape.ca\/index.php\/wp-json\/wp\/v2\/media?parent=6702"}],"curies":[{"name":"wp","href":"https:\/\/api.w.org\/{rel}","templated":true}]}}