{"id":6489,"date":"2020-08-10T18:40:21","date_gmt":"2020-08-10T18:40:21","guid":{"rendered":"https:\/\/legrape.stcnetwork.ca\/?page_id=6489"},"modified":"2024-06-27T12:54:05","modified_gmt":"2024-06-27T17:54:05","slug":"ateliers","status":"publish","type":"page","link":"https:\/\/legrape.ca\/index.php\/ateliers\/","title":{"rendered":"ateliers"},"content":{"rendered":"<div class=\"wpb-content-wrapper\"><p>[vc_row][vc_column][vc_column_text css=\u00a0\u00bb\u00a0\u00bb]<\/p>\r\n<h3 style=\"color: #98005d;\">Atelier budg\u00e9taire<\/h3>\r\n<p style=\"text-align: justify;\">Offert aux groupes qui en font la demande, ce service permet de participer \u00e0 des rencontres d\u2019information sur diff\u00e9rents sujets en lien avec le budget tels que le cr\u00e9dit, l\u2019endettement, l\u2019alimentation, le logement, les droits des consommateurs, etc. Ces rencontres permettent aux participants de d\u00e9velopper leur autonomie et d\u2019apprendre \u00e0 \u00e9viter les pi\u00e8ges de la surconsommation, du cr\u00e9dit et de l\u2019endettement. Chaque atelier s\u2019adapte \u00e0 la client\u00e8le rencontr\u00e9e (\u00e9tudiants, a\u00een\u00e9s, immigrants, personnes vivant avec une probl\u00e9matique en sant\u00e9 mentale, etc.).<\/p>\r\n\r\n<p>Le GRAPE est amen\u00e9 \u00e9galement \u00e0 collaborer avec des intervenants sociaux en relation avec des personnes en difficult\u00e9 financi\u00e8re pour leur permettre de r\u00e9pondre \u00e0 certaines questions urgentes.<\/p>\r\n\r\n<p>&nbsp;<\/p>\r\n<p>[\/vc_column_text][\/vc_column][\/vc_row][vc_row][vc_column][vc_empty_space][\/vc_column][\/vc_row][vc_row][vc_column]<div class=\"eut-element eut-image-text grapejustify\" style=\"\"><div class=\"eut-image\"><img loading=\"lazy\" decoding=\"async\" width=\"800\" height=\"618\" src=\"https:\/\/legrape.ca\/wp-content\/uploads\/2022\/09\/pnha.jpg\" class=\"attachment-full size-full\" alt=\"\" srcset=\"https:\/\/legrape.ca\/wp-content\/uploads\/2022\/09\/pnha.jpg 800w, https:\/\/legrape.ca\/wp-content\/uploads\/2022\/09\/pnha-300x232.jpg 300w, https:\/\/legrape.ca\/wp-content\/uploads\/2022\/09\/pnha-768x593.jpg 768w\" sizes=\"auto, (max-width: 800px) 100vw, 800px\" \/><\/div>  <div class=\"eut-content eut-align-left\"><h3>Pr\u00e9vention de la maltraitance financi\u00e8re chez les a\u00een\u00e9s et les personnes \u00e0 risque<\/h3>  <p>Notre nouvel atelier est maintenant disponible pour tous. Communiquer avec nous pour obtenir tous les d\u00e9tails. Cet atelier a \u00e9t\u00e9 rendu possible gr\u00e2ce \u00e0 la participation financi\u00e8re du Gouvernement du Canada avec le programme \u00ab\u00a0Programme Nouvel Horizon pour les A\u00een\u00e9s\u00a0\u00bb.<\/p>  <\/div><\/div>[\/vc_column][\/vc_row][vc_row][vc_column]<div class=\"eut-element eut-image-text grapejustify\" style=\"\"><div class=\"eut-image\"><img loading=\"lazy\" decoding=\"async\" width=\"800\" height=\"618\" src=\"https:\/\/legrape.ca\/wp-content\/uploads\/2023\/03\/opc2.jpg\" class=\"attachment-full size-full\" alt=\"\" srcset=\"https:\/\/legrape.ca\/wp-content\/uploads\/2023\/03\/opc2.jpg 800w, https:\/\/legrape.ca\/wp-content\/uploads\/2023\/03\/opc2-300x232.jpg 300w, https:\/\/legrape.ca\/wp-content\/uploads\/2023\/03\/opc2-768x593.jpg 768w\" sizes=\"auto, (max-width: 800px) 100vw, 800px\" \/><\/div>  <div class=\"eut-content eut-align-left\"><h3>Le cr\u00e9dit et les solutions \u00e0 l'endettement<\/h3>  <p>Notre nouvel atelier est maintenant disponible pour tous. Communiquer avec nous pour obtenir tous les d\u00e9tails. Cet atelier a \u00e9t\u00e9 rendu possible gr\u00e2ce \u00e0 la participation financi\u00e8re de l&rsquo;Office de la protection du consommateur.<\/p>  <\/div><\/div>[\/vc_column][\/vc_row]<\/p><\/div>","protected":false},"excerpt":{"rendered":"<p>[vc_row][vc_column][vc_column_text css=\u00a0\u00bb\u00a0\u00bb] Atelier budg\u00e9taire Offert aux groupes qui en font la demande, ce service permet de participer \u00e0 des rencontres d\u2019information sur diff\u00e9rents sujets en lien avec le budget tels que le cr\u00e9dit, l\u2019endettement, l\u2019alimentation, le logement, les droits des consommateurs, etc. Ces rencontres permettent aux participants de d\u00e9velopper leur autonomie et d\u2019apprendre \u00e0 \u00e9viter [&hellip;]<\/p>\n","protected":false},"author":1,"featured_media":0,"parent":0,"menu_order":0,"comment_status":"closed","ping_status":"closed","template":"","meta":{"footnotes":""},"class_list":["post-6489","page","type-page","status-publish","hentry"],"_links":{"self":[{"href":"https:\/\/legrape.ca\/index.php\/wp-json\/wp\/v2\/pages\/6489","targetHints":{"allow":["GET"]}}],"collection":[{"href":"https:\/\/legrape.ca\/index.php\/wp-json\/wp\/v2\/pages"}],"about":[{"href":"https:\/\/legrape.ca\/index.php\/wp-json\/wp\/v2\/types\/page"}],"author":[{"embeddable":true,"href":"https:\/\/legrape.ca\/index.php\/wp-json\/wp\/v2\/users\/1"}],"replies":[{"embeddable":true,"href":"https:\/\/legrape.ca\/index.php\/wp-json\/wp\/v2\/comments?post=6489"}],"version-history":[{"count":1,"href":"https:\/\/legrape.ca\/index.php\/wp-json\/wp\/v2\/pages\/6489\/revisions"}],"predecessor-version":[{"id":7648,"href":"https:\/\/legrape.ca\/index.php\/wp-json\/wp\/v2\/pages\/6489\/revisions\/7648"}],"wp:attachment":[{"href":"https:\/\/legrape.ca\/index.php\/wp-json\/wp\/v2\/media?parent=6489"}],"curies":[{"name":"wp","href":"https:\/\/api.w.org\/{rel}","templated":true}]}}