{"id":6419,"date":"2020-08-10T02:19:46","date_gmt":"2020-08-10T02:19:46","guid":{"rendered":"https:\/\/legrape.stcnetwork.ca\/?page_id=6419"},"modified":"2020-09-10T02:51:23","modified_gmt":"2020-09-10T02:51:23","slug":"devenez-membre","status":"publish","type":"page","link":"https:\/\/legrape.ca\/index.php\/devenez-membre\/","title":{"rendered":"Devenez membre"},"content":{"rendered":"<div class=\"wpb-content-wrapper\"><p>[vc_row heading_color=\u00a0\u00bbgrey\u00a0\u00bb header_feature=\u00a0\u00bbyes\u00a0\u00bb padding_top=\u00a0\u00bb120&Prime; margin_bottom=\u00a0\u00bb0&Prime; padding_bottom=\u00a0\u00bb100&Prime;][vc_column]<h1 class=\"eut-element eut-typed-text eut-align-left\" style=\"margin-bottom: 60px;\">    <span class=\"eut-typed-text-prefix\"> Si vous vous sentez port\u00e9s par<\/span>    <span class=\"eut-animated-text eut-color-black\">    \t<span id=\"eut-typed-item-69ea3f4540a00\"><\/span>    <\/span>    <span class=\"eut-typed-text-suffix\"> de l'organisme<\/span><script type=\"text\/javascript\">\r\n\t\t\t\tjQuery(function($){ $(\"#eut-typed-item-69ea3f4540a00\").typed({\r\n\t\t\t\t\tstrings: [\"la vision\",\"la mission\",\"les valeurs\"],\r\n\t\t\t\t\ttypeSpeed: 100,\r\n\t\t\t\t\tbackSpeed: 80,\r\n\t\t\t\t\tstartDelay: 0,\r\n\t\t\t\t\tbackDelay: 500,\r\n\t\t\t\t\tloop: true,\r\n\t\t\t\t\tloopCount: false,\r\n\t\t\t\t\tshowCursor: true,\r\n\t\t\t\t\tcursorChar: \"_\",\r\n\t\t\t\t\tattr: null\r\n\t\t\t\t});\r\n\t\t\t});\r\n\t\t<\/script><\/h1>[\/vc_column][\/vc_row][vc_row footer_feature=\u00a0\u00bbyes\u00a0\u00bb padding_top=\u00a0\u00bb0&Prime; padding_bottom=\u00a0\u00bb120&Prime;][vc_column width=\u00a0\u00bb1\/2&Prime; tablet_sm_width=\u00a0\u00bb1&Prime;][vc_column_text text_style=\u00a0\u00bbleader-text\u00a0\u00bb css=\u00a0\u00bb.vc_custom_1597085854110{margin-bottom: 60px !important;}\u00a0\u00bb]<\/p>\n<h3 style=\"color: #98005d;\">Formulaire d&rsquo;application<\/h3>\n<p style=\"text-align: justify;\">Remplissez le formulaire d&rsquo;application et votre demande sera alors analys\u00e9e par le conseil d&rsquo;administration. Vous pouvez aussi faire votre demande par t\u00e9l\u00e9phone au (418) 522-7356.<\/p>\n<p>[\/vc_column_text]<div class=\"eut-element eut-box-icon eut-align-left eut-small eut-animated-item eut-fadeInLeft\" style=\"\" data-delay=\"200\"><a href=\"https:\/\/www.facebook.com\/pg\/Groupe-de-Recherche-en-Animation-et-Planification-\u00c9conomique-GRAPE-114106033663587\/posts\/?ref=page_internal\" target=\"_blank\">  <div class=\"eut-wrapper-icon eut-no-shape eut-color-grey\"><i class=\"entypo-icon entypo-icon-facebook eut-color-blue\"><\/i><\/div><\/a>  <div class=\"eut-box-content\"><a href=\"https:\/\/www.facebook.com\/pg\/Groupe-de-Recherche-en-Animation-et-Planification-\u00c9conomique-GRAPE-114106033663587\/posts\/?ref=page_internal\" target=\"_blank\">      <h4 class=\"eut-box-title\">Visitez notre page Facebook<\/h4><\/a>    <p class=\"\">Notre page Facebook est mise \u00e0 jour r\u00e9guli\u00e8rement. Soyez \u00e0 l&rsquo;aff\u00fbt des derni\u00e8res nouvelles et des activit\u00e9s \u00e0 venir.<\/p>  <\/div><\/div>[\/vc_column][vc_column width=\u00a0\u00bb1\/2&Prime; tablet_sm_width=\u00a0\u00bb1&Prime;]\n<div class=\"wpcf7 no-js\" id=\"wpcf7-f3606-o1\" lang=\"en-US\" dir=\"ltr\" data-wpcf7-id=\"3606\">\n<div class=\"screen-reader-response\"><p role=\"status\" aria-live=\"polite\" aria-atomic=\"true\"><\/p> <ul><\/ul><\/div>\n<form action=\"\/index.php\/wp-json\/wp\/v2\/pages\/6419#wpcf7-f3606-o1\" method=\"post\" class=\"wpcf7-form init\" aria-label=\"Contact form\" novalidate=\"novalidate\" data-status=\"init\">\n<fieldset class=\"hidden-fields-container\"><input type=\"hidden\" name=\"_wpcf7\" value=\"3606\" \/><input type=\"hidden\" name=\"_wpcf7_version\" value=\"6.1.5\" \/><input type=\"hidden\" name=\"_wpcf7_locale\" value=\"en_US\" \/><input type=\"hidden\" name=\"_wpcf7_unit_tag\" value=\"wpcf7-f3606-o1\" \/><input type=\"hidden\" name=\"_wpcf7_container_post\" value=\"0\" \/><input type=\"hidden\" name=\"_wpcf7_posted_data_hash\" value=\"\" \/>\n<\/fieldset>\n<div class=\"eut-one-half\">\n\t<p>Votre nom complet (requis) <span class=\"wpcf7-form-control-wrap\" data-name=\"your-name\"><input size=\"40\" maxlength=\"400\" class=\"wpcf7-form-control wpcf7-text wpcf7-validates-as-required\" aria-required=\"true\" aria-invalid=\"false\" value=\"\" type=\"text\" name=\"your-name\" \/><\/span>\n\t<\/p>\n<\/div>\n<div class=\"eut-one-half eut-last-column\">\n\t<p>Votre courriel (requis) <span class=\"wpcf7-form-control-wrap\" data-name=\"your-email\"><input size=\"40\" maxlength=\"400\" class=\"wpcf7-form-control wpcf7-email wpcf7-validates-as-required wpcf7-text wpcf7-validates-as-email\" aria-required=\"true\" aria-invalid=\"false\" value=\"\" type=\"email\" name=\"your-email\" \/><\/span>\n\t<\/p>\n<\/div>\n<div class=\"eut-one-half\">\n\t<p>Date de naissance <span class=\"wpcf7-form-control-wrap\" data-name=\"your-age\"><input size=\"40\" maxlength=\"400\" class=\"wpcf7-form-control wpcf7-text\" aria-invalid=\"false\" value=\"\" type=\"text\" name=\"your-age\" \/><\/span>\n\t<\/p>\n<\/div>\n<div class=\"eut-one-half eut-last-column\">\n\t<p>Num\u00e9ro de t\u00e9l\u00e9phone (requis) <span class=\"wpcf7-form-control-wrap\" data-name=\"your-phone\"><input size=\"40\" maxlength=\"400\" class=\"wpcf7-form-control wpcf7-tel wpcf7-validates-as-required wpcf7-text wpcf7-validates-as-tel\" aria-required=\"true\" aria-invalid=\"false\" value=\"\" type=\"tel\" name=\"your-phone\" \/><\/span>\n\t<\/p>\n<\/div>\n<div>\n\t<p>Votre adresse (requis)<span class=\"wpcf7-form-control-wrap\" data-name=\"your-adress\"><input size=\"40\" maxlength=\"400\" class=\"wpcf7-form-control wpcf7-text wpcf7-validates-as-required\" aria-required=\"true\" aria-invalid=\"false\" value=\"\" type=\"text\" name=\"your-adress\" \/><\/span>\n\t<\/p>\n<\/div>\n<div class=\"eut-one-half\">\n\t<p>Ville<span class=\"wpcf7-form-control-wrap\" data-name=\"your-city\"><input size=\"40\" maxlength=\"400\" class=\"wpcf7-form-control wpcf7-text wpcf7-validates-as-required\" aria-required=\"true\" aria-invalid=\"false\" value=\"\" type=\"text\" name=\"your-city\" \/><\/span>\n\t<\/p>\n<\/div>\n<div class=\"eut-one-half eut-last-column\">\n\t<p>Code postal<span class=\"wpcf7-form-control-wrap\" data-name=\"your-zip\"><input size=\"40\" maxlength=\"400\" class=\"wpcf7-form-control wpcf7-text wpcf7-validates-as-required\" aria-required=\"true\" aria-invalid=\"false\" value=\"\" type=\"text\" name=\"your-zip\" \/><\/span>\n\t<\/p>\n<\/div>\n<p><span class=\"wpcf7-form-control-wrap\" data-name=\"radio-153\"><span class=\"wpcf7-form-control wpcf7-radio\"><span class=\"wpcf7-list-item first\"><label><input type=\"radio\" name=\"radio-153\" value=\"J&#039;accepte de recevoir des courriels de la part du GRAPE.\" checked=\"checked\" \/><span class=\"wpcf7-list-item-label\">J&#039;accepte de recevoir des courriels de la part du GRAPE.<\/span><\/label><\/span><span class=\"wpcf7-list-item last\"><label><input type=\"radio\" name=\"radio-153\" value=\"Je refuse de recevoir des courriels de la part du GRAPE.\" \/><span class=\"wpcf7-list-item-label\">Je refuse de recevoir des courriels de la part du GRAPE.<\/span><\/label><\/span><\/span><\/span>\n<\/p>\n<p>* Vous pourrez vous d\u00e9sabonner de notre liste de distribution en tout temps.\n<\/p>\n<p><input class=\"wpcf7-form-control wpcf7-submit has-spinner\" type=\"submit\" value=\"Envoyer\" \/>\n<\/p><div class=\"wpcf7-response-output\" aria-hidden=\"true\"><\/div>\n<\/form>\n<\/div>\n[\/vc_column][\/vc_row]<\/p>\n<\/div>","protected":false},"excerpt":{"rendered":"<p>[vc_row heading_color=\u00a0\u00bbgrey\u00a0\u00bb header_feature=\u00a0\u00bbyes\u00a0\u00bb padding_top=\u00a0\u00bb120&Prime; margin_bottom=\u00a0\u00bb0&Prime; padding_bottom=\u00a0\u00bb100&Prime;][vc_column][\/vc_column][\/vc_row][vc_row footer_feature=\u00a0\u00bbyes\u00a0\u00bb padding_top=\u00a0\u00bb0&Prime; padding_bottom=\u00a0\u00bb120&Prime;][vc_column width=\u00a0\u00bb1\/2&Prime; tablet_sm_width=\u00a0\u00bb1&Prime;][vc_column_text text_style=\u00a0\u00bbleader-text\u00a0\u00bb css=\u00a0\u00bb.vc_custom_1597085854110{margin-bottom: 60px !important;}\u00a0\u00bb] Formulaire d&rsquo;application Remplissez le formulaire d&rsquo;application et votre demande sera alors analys\u00e9e par le conseil d&rsquo;administration. Vous pouvez aussi faire votre demande par t\u00e9l\u00e9phone au (418) 522-7356. [\/vc_column_text][\/vc_column][vc_column width=\u00a0\u00bb1\/2&Prime; tablet_sm_width=\u00a0\u00bb1&Prime;][\/vc_column][\/vc_row]<\/p>\n","protected":false},"author":1,"featured_media":0,"parent":0,"menu_order":0,"comment_status":"closed","ping_status":"closed","template":"","meta":{"footnotes":""},"class_list":["post-6419","page","type-page","status-publish","hentry"],"_links":{"self":[{"href":"https:\/\/legrape.ca\/index.php\/wp-json\/wp\/v2\/pages\/6419","targetHints":{"allow":["GET"]}}],"collection":[{"href":"https:\/\/legrape.ca\/index.php\/wp-json\/wp\/v2\/pages"}],"about":[{"href":"https:\/\/legrape.ca\/index.php\/wp-json\/wp\/v2\/types\/page"}],"author":[{"embeddable":true,"href":"https:\/\/legrape.ca\/index.php\/wp-json\/wp\/v2\/users\/1"}],"replies":[{"embeddable":true,"href":"https:\/\/legrape.ca\/index.php\/wp-json\/wp\/v2\/comments?post=6419"}],"version-history":[{"count":0,"href":"https:\/\/legrape.ca\/index.php\/wp-json\/wp\/v2\/pages\/6419\/revisions"}],"wp:attachment":[{"href":"https:\/\/legrape.ca\/index.php\/wp-json\/wp\/v2\/media?parent=6419"}],"curies":[{"name":"wp","href":"https:\/\/api.w.org\/{rel}","templated":true}]}}