{"id":2798,"date":"2015-07-07T12:40:26","date_gmt":"2015-07-07T12:40:26","guid":{"rendered":"https:\/\/legrape.stcnetwork.ca\/index.php\/home\/"},"modified":"2024-07-23T10:56:42","modified_gmt":"2024-07-23T15:56:42","slug":"home","status":"publish","type":"page","link":"https:\/\/legrape.ca\/","title":{"rendered":"Home"},"content":{"rendered":"<div class=\"wpb-content-wrapper\"><p>[vc_row header_feature=\u00a0\u00bbyes\u00a0\u00bb padding_top=\u00a0\u00bb120&Prime; padding_bottom=\u00a0\u00bb120&Prime; margin_bottom=\u00a0\u00bb0&Prime;][vc_column][vc_column_text animation=\u00a0\u00bbfadeInLeft\u00a0\u00bb]<\/p>\n<h1 style=\"color: #98005d;\">Bienvenue<br \/>\nsur notre nouveau site!<\/h1>\n<p>[\/vc_column_text][vc_column_text text_style=\u00a0\u00bbleader-text\u00a0\u00bb animation=\u00a0\u00bbfadeInLeft\u00a0\u00bb animation_delay=\u00a0\u00bb250&Prime;]Le GRAPE est un organisme \u00e0 but non lucratif venant en aide aux personnes ayant des questionnements face \u00e0 leur situation financi\u00e8re sur le territoire de la r\u00e9gion 03 Capitale-Nationale. Que ce soit pour apprendre \u00e0 faire un budget, pour pr\u00e9venir l\u2019endettement ou pour se sortir d\u2019une situation de surendettement, vous pouvez compter sur un service professionnel humain empreint de respect, d\u2019empathie, de non jugement et o\u00f9 la confidentialit\u00e9 est primordiale.[\/vc_column_text][\/vc_column][\/vc_row][vc_row margin_bottom=\u00a0\u00bb0&Prime; padding_bottom=\u00a0\u00bb60&Prime;][vc_column width=\u00a0\u00bb1\/3&Prime;]<div class=\"eut-element eut-slogan eut-align-left eut-animated-item eut-fadeInLeft\" style=\"\" data-delay=\"300\"><div class=\"eut-subtitle\">Le GRAPE<\/div><h4 class=\"eut-slogan-title eut-align-left eut-title-no-line\"><span>Vous accompagne<\/span><\/h4>  <p class=\"\">En identifiant les causes de vos probl\u00e8mes et en \u00e9tablissant un plan financier en vous offrant des moyens et des outils appropri\u00e9s. Au besoin, l\u2019organisme peut accorder un suivi \u00e0 votre budget ou encore vous r\u00e9f\u00e9rer \u00e0 un organisme de d\u00e9pannage ou \u00e0 d\u2019autres ressources professionnelles.<\/p><\/div>[\/vc_column][vc_column width=\u00a0\u00bb1\/3&Prime;]<div class=\"eut-element eut-slogan eut-align-left eut-animated-item eut-fadeInLeft\" style=\"\" data-delay=\"400\"><div class=\"eut-subtitle\">Le GRAPE<\/div><h4 class=\"eut-slogan-title eut-align-left eut-title-no-line\"><span>Croit en vous<\/span><\/h4>  <p class=\"\">Le GRAPE croit que vous avez le potentiel d\u2019agir sur votre r\u00e9alit\u00e9. L\u2019organisme favorise donc l\u2019acquisition de connaissances, d\u2019habilet\u00e9s et d\u2019attitudes vous permettant d\u2019exercer un meilleur contr\u00f4le sur votre environnement et sur les \u00e9v\u00e9nements \u00e9conomiques qui vous affectent.<\/p><\/div>[\/vc_column][vc_column width=\u00a0\u00bb1\/3&Prime;]<div class=\"eut-element eut-slogan eut-align-left eut-animated-item eut-fadeInLeft\" style=\"\" data-delay=\"500\"><div class=\"eut-subtitle\">Le GRAPE offre des<\/div><h4 class=\"eut-slogan-title eut-align-left eut-title-no-line\"><span>Interventions p\u00e9dagogiques<\/span><\/h4>  <p class=\"\">Les interventions du GRAPE poss\u00e8dent toujours une composante p\u00e9dagogique dont l\u2019objectif est l\u2019autonomie financi\u00e8re des personnes. Cependant, la pr\u00e9vention par l\u2019\u00e9ducation est au c\u0153ur des pr\u00e9occupations du GRAPE. Plusieurs de nos services favorisent l\u2019acquisition de connaissances, de comp\u00e9tences et fera de vous un consommateur mieux averti.<\/p><\/div>[\/vc_column][\/vc_row][vc_row padding_bottom=\u00a0\u00bb120&Prime;][vc_column][vc_column_text animation=\u00a0\u00bbfadeInLeft\u00a0\u00bb animation_delay=\u00a0\u00bb250&Prime;]Pour assurer la qualit\u00e9 et la constance de son travail, le GRAPE s\u2019est dot\u00e9 d\u2019un code d\u2019\u00e9thique bien pr\u00e9cis que toutes personnes \u0153uvrant pour l\u2019organisme s\u2019engagent \u00e0 respecter. Ce code d\u2019\u00e9thique s\u2019inscrit dans la philosophie du GRAPE qui repose sur ses valeurs. Ces valeurs guident les actions de ceux et celles qui travaillent pour l\u2019organisme et orientent les d\u00e9cisions du conseil d\u2019administration.[\/vc_column_text][\/vc_column][\/vc_row][vc_row heading_color=\u00a0\u00bblight\u00a0\u00bb section_type=\u00a0\u00bbfullwidth-element\u00a0\u00bb bg_type=\u00a0\u00bbcolor\u00a0\u00bb flex_height=\u00a0\u00bbyes\u00a0\u00bb margin_bottom=\u00a0\u00bb0&Prime; font_color=\u00a0\u00bbrgba(255,255,255,0.4)\u00a0\u00bb bg_color=\u00a0\u00bb#313340&Prime; padding_bottom=\u00a0\u00bb0&Prime;][vc_column width=\u00a0\u00bb1\/2&Prime; tablet_width=\u00a0\u00bb1&Prime; css=\u00a0\u00bb.vc_custom_1438875698903{padding-top: 9% !important;padding-right: 5% !important;padding-bottom: 9% !important;padding-left: 5% !important;}\u00a0\u00bb]<div class=\"eut-element eut-image eut-animated-item eut-fadeInUp eut-align-center\" style=\"\" data-delay=\"400\"><img loading=\"lazy\" decoding=\"async\" width=\"100\" height=\"100\" src=\"https:\/\/legrape.ca\/wp-content\/uploads\/2015\/06\/icon-13.png\" class=\"attachment-full size-full\" alt=\"\" srcset=\"https:\/\/legrape.ca\/wp-content\/uploads\/2015\/06\/icon-13.png 1x,https:\/\/legrape.ca\/wp-content\/uploads\/2015\/06\/icon-13@2x.png 2x\" \/><\/div><div class=\"eut-element eut-slogan eut-align-center\" style=\"\"><h2 class=\"eut-slogan-title eut-align-center eut-title-no-line\"><span>Vous cherchez une solution?<\/span><\/h2>  <p class=\"eut-leader-text\">Avant de prendre une d\u00e9cision, vous devez \u00e9tablir un bilan de votre situation. Notre guide vous aidera \u00e0 \u00e9tablir le point de d\u00e9part et notre \u00e9quipe la route \u00e0 suivre pour atteindre votre objectif.<\/p><div class=\"eut-btn-wrapper\"><a class=\"eut-btn eut-btn-medium eut-round eut-bg-primary-1\" href=\"#\" target=\"_self\" style=\"\"><span>Fiches \u00e9ducatives<\/span><\/a><\/div><\/div>[\/vc_column][vc_column width=\u00a0\u00bb1\/2&Prime; tablet_width=\u00a0\u00bb1&Prime; css=\u00a0\u00bb.vc_custom_1721750191576{background-image: url(https:\/\/legrape.ca\/wp-content\/uploads\/2020\/08\/legrape_manuel.jpg?id=6379) !important;background-position: center !important;background-repeat: no-repeat !important;background-size: cover !important;}\u00a0\u00bb][\/vc_column][\/vc_row][vc_row section_type=\u00a0\u00bbfullwidth-element\u00a0\u00bb footer_feature=\u00a0\u00bbyes\u00a0\u00bb flex_height=\u00a0\u00bbyes\u00a0\u00bb padding_top=\u00a0\u00bb50px\u00a0\u00bb padding_bottom=\u00a0\u00bb50px\u00a0\u00bb][vc_column width=\u00a0\u00bb1\/3&Prime; css=\u00a0\u00bb.vc_custom_1622214821419{padding-right: 100px !important;padding-left: 100px !important;}\u00a0\u00bb][vc_column_text]<\/p>\n<h3 style=\"text-align: center; color: #98005d;\">Notre partenaire<\/h3>\n<p>[\/vc_column_text]<div class=\"eut-element eut-carousel-wrapper\"  style=\" \"><div class=\"eut-slider eut-carousel-element \" data-slider-speed=\"3500\" data-slider-pause=\"no\" data-navigation-type=\"0\" data-slider-autoplay=\"yes\" data-slider-autoheight=\"no\"><div class=\"eut-slider-item\"><figure><div class=\"eut-media\"><img loading=\"lazy\" decoding=\"async\" width=\"526\" height=\"301\" src=\"https:\/\/legrape.ca\/wp-content\/uploads\/2022\/05\/jVignola_2022.jpg\" class=\"attachment-large size-large\" alt=\"\" srcset=\"https:\/\/legrape.ca\/wp-content\/uploads\/2022\/05\/jVignola_2022.jpg 526w, https:\/\/legrape.ca\/wp-content\/uploads\/2022\/05\/jVignola_2022-300x172.jpg 300w\" sizes=\"auto, (max-width: 526px) 100vw, 526px\" \/><\/div><\/figure><\/div><div class=\"eut-slider-item\"><figure><div class=\"eut-media\"><img loading=\"lazy\" decoding=\"async\" width=\"327\" height=\"200\" src=\"https:\/\/legrape.ca\/wp-content\/uploads\/2021\/05\/jyduclos.png\" class=\"attachment-large size-large\" alt=\"\" srcset=\"https:\/\/legrape.ca\/wp-content\/uploads\/2021\/05\/jyduclos.png 327w, https:\/\/legrape.ca\/wp-content\/uploads\/2021\/05\/jyduclos-300x183.png 300w\" sizes=\"auto, (max-width: 327px) 100vw, 327px\" \/><\/div><\/figure><\/div><div class=\"eut-slider-item\"><figure><div class=\"eut-media\"><img loading=\"lazy\" decoding=\"async\" width=\"563\" height=\"375\" src=\"https:\/\/legrape.ca\/wp-content\/uploads\/2020\/11\/Visuel-CARTE-DAFFAIRE.png\" class=\"attachment-large size-large\" alt=\"\" srcset=\"https:\/\/legrape.ca\/wp-content\/uploads\/2020\/11\/Visuel-CARTE-DAFFAIRE.png 563w, https:\/\/legrape.ca\/wp-content\/uploads\/2020\/11\/Visuel-CARTE-DAFFAIRE-300x200.png 300w\" sizes=\"auto, (max-width: 563px) 100vw, 563px\" \/><\/div><\/figure><\/div><div class=\"eut-slider-item\"><figure><div class=\"eut-media\"><img loading=\"lazy\" decoding=\"async\" width=\"526\" height=\"300\" src=\"https:\/\/legrape.ca\/wp-content\/uploads\/2021\/06\/CDesbiens.png\" class=\"attachment-large size-large\" alt=\"\" srcset=\"https:\/\/legrape.ca\/wp-content\/uploads\/2021\/06\/CDesbiens.png 526w, https:\/\/legrape.ca\/wp-content\/uploads\/2021\/06\/CDesbiens-300x171.png 300w\" sizes=\"auto, (max-width: 526px) 100vw, 526px\" \/><\/div><\/figure><\/div><div class=\"eut-slider-item\"><figure><div class=\"eut-media\"><img loading=\"lazy\" decoding=\"async\" width=\"525\" height=\"300\" src=\"https:\/\/legrape.ca\/wp-content\/uploads\/2021\/06\/gerarddeltell.png\" class=\"attachment-large size-large\" alt=\"\" srcset=\"https:\/\/legrape.ca\/wp-content\/uploads\/2021\/06\/gerarddeltell.png 525w, https:\/\/legrape.ca\/wp-content\/uploads\/2021\/06\/gerarddeltell-300x171.png 300w\" sizes=\"auto, (max-width: 525px) 100vw, 525px\" \/><\/div><\/figure><\/div><div class=\"eut-slider-item\"><figure><div class=\"eut-media\"><img loading=\"lazy\" decoding=\"async\" width=\"525\" height=\"300\" src=\"https:\/\/legrape.ca\/wp-content\/uploads\/2021\/06\/pierrepaulhus.png\" class=\"attachment-large size-large\" alt=\"\" srcset=\"https:\/\/legrape.ca\/wp-content\/uploads\/2021\/06\/pierrepaulhus.png 525w, https:\/\/legrape.ca\/wp-content\/uploads\/2021\/06\/pierrepaulhus-300x171.png 300w\" sizes=\"auto, (max-width: 525px) 100vw, 525px\" \/><\/div><\/figure><\/div><div class=\"eut-slider-item\"><figure><div class=\"eut-media\"><img loading=\"lazy\" decoding=\"async\" width=\"526\" height=\"300\" src=\"https:\/\/legrape.ca\/wp-content\/uploads\/2022\/07\/jonathanjulien.jpg\" class=\"attachment-large size-large\" alt=\"\" srcset=\"https:\/\/legrape.ca\/wp-content\/uploads\/2022\/07\/jonathanjulien.jpg 526w, https:\/\/legrape.ca\/wp-content\/uploads\/2022\/07\/jonathanjulien-300x171.jpg 300w\" sizes=\"auto, (max-width: 526px) 100vw, 526px\" \/><\/div><\/figure><\/div><div class=\"eut-slider-item\"><figure><div class=\"eut-media\"><img loading=\"lazy\" decoding=\"async\" width=\"526\" height=\"300\" src=\"https:\/\/legrape.ca\/wp-content\/uploads\/2022\/07\/marioasselin.jpg\" class=\"attachment-large size-large\" alt=\"\" srcset=\"https:\/\/legrape.ca\/wp-content\/uploads\/2022\/07\/marioasselin.jpg 526w, https:\/\/legrape.ca\/wp-content\/uploads\/2022\/07\/marioasselin-300x171.jpg 300w\" sizes=\"auto, (max-width: 526px) 100vw, 526px\" \/><\/div><\/figure><\/div>\t<\/div><\/div>[\/vc_column][vc_column width=\u00a0\u00bb1\/3&Prime;]<div class=\"eut-element eut-image eut-align-center\" style=\"\"><img loading=\"lazy\" decoding=\"async\" width=\"200\" height=\"245\" src=\"https:\/\/legrape.ca\/wp-content\/uploads\/2020\/12\/merci-1.png\" class=\"attachment-full size-full\" alt=\"\" \/><\/div>[\/vc_column][vc_column width=\u00a0\u00bb1\/3&Prime; css=\u00a0\u00bb.vc_custom_1606968529662{padding-right: 40px !important;padding-left: 40px !important;}\u00a0\u00bb][vc_column_text]<\/p>\n<h3 style=\"text-align: center; color: #98005d;\">Nos subventionnaires<\/h3>\n<p>[\/vc_column_text]<div class=\"eut-element eut-carousel-wrapper\"  style=\" \"><div class=\"eut-carousel-navigation eut-dark\" data-navigation-type=\"1\">\t<div class=\"eut-carousel-buttons\">\t\t<div class=\"eut-carousel-prev eut-icon-nav-left\"><\/div>\t\t<div class=\"eut-carousel-next eut-icon-nav-right\"><\/div>\t<\/div><\/div><div class=\"eut-slider eut-carousel-element \" data-slider-speed=\"3500\" data-slider-pause=\"no\" data-navigation-type=\"1\" data-slider-autoplay=\"yes\" data-slider-autoheight=\"no\"><div class=\"eut-slider-item\"><figure><div class=\"eut-media\"><img loading=\"lazy\" decoding=\"async\" width=\"400\" height=\"140\" src=\"https:\/\/legrape.ca\/wp-content\/uploads\/2020\/12\/centraide.png\" class=\"attachment-eut-image-fullscreen size-eut-image-fullscreen\" alt=\"\" srcset=\"https:\/\/legrape.ca\/wp-content\/uploads\/2020\/12\/centraide.png 400w, https:\/\/legrape.ca\/wp-content\/uploads\/2020\/12\/centraide-300x105.png 300w\" sizes=\"auto, (max-width: 400px) 100vw, 400px\" \/><\/div><\/figure><\/div><div class=\"eut-slider-item\"><figure><div class=\"eut-media\"><img loading=\"lazy\" decoding=\"async\" width=\"400\" height=\"140\" src=\"https:\/\/legrape.ca\/wp-content\/uploads\/2020\/12\/desjardins.png\" class=\"attachment-eut-image-fullscreen size-eut-image-fullscreen\" alt=\"\" srcset=\"https:\/\/legrape.ca\/wp-content\/uploads\/2020\/12\/desjardins.png 400w, https:\/\/legrape.ca\/wp-content\/uploads\/2020\/12\/desjardins-300x105.png 300w\" sizes=\"auto, (max-width: 400px) 100vw, 400px\" \/><\/div><\/figure><\/div><div class=\"eut-slider-item\"><figure><div class=\"eut-media\"><img loading=\"lazy\" decoding=\"async\" width=\"400\" height=\"140\" src=\"https:\/\/legrape.ca\/wp-content\/uploads\/2020\/12\/opc.png\" class=\"attachment-eut-image-fullscreen size-eut-image-fullscreen\" alt=\"\" srcset=\"https:\/\/legrape.ca\/wp-content\/uploads\/2020\/12\/opc.png 400w, https:\/\/legrape.ca\/wp-content\/uploads\/2020\/12\/opc-300x105.png 300w\" sizes=\"auto, (max-width: 400px) 100vw, 400px\" \/><\/div><\/figure><\/div><div class=\"eut-slider-item\"><figure><div class=\"eut-media\"><img loading=\"lazy\" decoding=\"async\" width=\"400\" height=\"140\" src=\"https:\/\/legrape.ca\/wp-content\/uploads\/2020\/12\/hydro-quebec.png\" class=\"attachment-eut-image-fullscreen size-eut-image-fullscreen\" alt=\"\" srcset=\"https:\/\/legrape.ca\/wp-content\/uploads\/2020\/12\/hydro-quebec.png 400w, https:\/\/legrape.ca\/wp-content\/uploads\/2020\/12\/hydro-quebec-300x105.png 300w\" sizes=\"auto, (max-width: 400px) 100vw, 400px\" \/><\/div><\/figure><\/div><div class=\"eut-slider-item\"><figure><div class=\"eut-media\"><img loading=\"lazy\" decoding=\"async\" width=\"400\" height=\"140\" src=\"https:\/\/legrape.ca\/wp-content\/uploads\/2020\/12\/CIUSSS_CN.png\" class=\"attachment-eut-image-fullscreen size-eut-image-fullscreen\" alt=\"\" srcset=\"https:\/\/legrape.ca\/wp-content\/uploads\/2020\/12\/CIUSSS_CN.png 400w, https:\/\/legrape.ca\/wp-content\/uploads\/2020\/12\/CIUSSS_CN-300x105.png 300w\" sizes=\"auto, (max-width: 400px) 100vw, 400px\" \/><\/div><\/figure><\/div><div class=\"eut-slider-item\"><figure><div class=\"eut-media\"><img loading=\"lazy\" decoding=\"async\" width=\"400\" height=\"140\" src=\"https:\/\/legrape.ca\/wp-content\/uploads\/2020\/12\/amf.png\" class=\"attachment-eut-image-fullscreen size-eut-image-fullscreen\" alt=\"\" srcset=\"https:\/\/legrape.ca\/wp-content\/uploads\/2020\/12\/amf.png 400w, https:\/\/legrape.ca\/wp-content\/uploads\/2020\/12\/amf-300x105.png 300w\" sizes=\"auto, (max-width: 400px) 100vw, 400px\" \/><\/div><\/figure><\/div>\t<\/div><\/div>[\/vc_column][\/vc_row]<\/p>\n<\/div>","protected":false},"excerpt":{"rendered":"<p>[vc_row header_feature=\u00a0\u00bbyes\u00a0\u00bb padding_top=\u00a0\u00bb120&Prime; padding_bottom=\u00a0\u00bb120&Prime; margin_bottom=\u00a0\u00bb0&Prime;][vc_column][vc_column_text animation=\u00a0\u00bbfadeInLeft\u00a0\u00bb] Bienvenue sur notre nouveau site! [\/vc_column_text][vc_column_text text_style=\u00a0\u00bbleader-text\u00a0\u00bb animation=\u00a0\u00bbfadeInLeft\u00a0\u00bb animation_delay=\u00a0\u00bb250&Prime;]Le GRAPE est un organisme \u00e0 but non lucratif venant en aide aux personnes ayant des questionnements face \u00e0 leur situation financi\u00e8re sur le territoire de la r\u00e9gion 03 Capitale-Nationale. Que ce soit pour apprendre \u00e0 faire un budget, pour pr\u00e9venir [&hellip;]<\/p>\n","protected":false},"author":1,"featured_media":0,"parent":0,"menu_order":0,"comment_status":"closed","ping_status":"closed","template":"","meta":{"footnotes":""},"class_list":["post-2798","page","type-page","status-publish","hentry"],"_links":{"self":[{"href":"https:\/\/legrape.ca\/index.php\/wp-json\/wp\/v2\/pages\/2798","targetHints":{"allow":["GET"]}}],"collection":[{"href":"https:\/\/legrape.ca\/index.php\/wp-json\/wp\/v2\/pages"}],"about":[{"href":"https:\/\/legrape.ca\/index.php\/wp-json\/wp\/v2\/types\/page"}],"author":[{"embeddable":true,"href":"https:\/\/legrape.ca\/index.php\/wp-json\/wp\/v2\/users\/1"}],"replies":[{"embeddable":true,"href":"https:\/\/legrape.ca\/index.php\/wp-json\/wp\/v2\/comments?post=2798"}],"version-history":[{"count":3,"href":"https:\/\/legrape.ca\/index.php\/wp-json\/wp\/v2\/pages\/2798\/revisions"}],"predecessor-version":[{"id":7660,"href":"https:\/\/legrape.ca\/index.php\/wp-json\/wp\/v2\/pages\/2798\/revisions\/7660"}],"wp:attachment":[{"href":"https:\/\/legrape.ca\/index.php\/wp-json\/wp\/v2\/media?parent=2798"}],"curies":[{"name":"wp","href":"https:\/\/api.w.org\/{rel}","templated":true}]}}